{"id":2,"date":"2017-02-28T17:23:00","date_gmt":"2017-02-28T17:23:00","guid":{"rendered":"http:\/\/live01\/livepress\/?page_id=2"},"modified":"2019-05-30T14:16:42","modified_gmt":"2019-05-30T12:16:42","slug":"fibrex-automotive-productie-componente-auto-din-compozit-si-fibra-de-sticla","status":"publish","type":"page","link":"https:\/\/www.fibrexautomotive.com\/ro\/","title":{"rendered":"FIBREX AUTOMOTIVE &#8211; produc\u021bie fibr\u0103 de sticl\u0103 pentru industria auto"},"content":{"rendered":"<p>\u00cen prezent, pia\u021ba automobilelor se bazeaz\u0103 pe strategii de u\u015furare a greut\u0103\u0163ii datorit\u0103 implement\u0103rii unor standarde de emisie din ce \u00een ce mai stricte.<\/p>\n<p>F\u0103r\u0103 \u00eendoial\u0103 materialele compozite \/ fibra de sticl\u0103, reprezint\u0103 o solu\u021bie real\u0103 pentru reducerea greut\u0103\u021bii unui vehicul auto. Pentru a satisface aceaste cerin\u021be de viitor, FIBREX AUTOMOTIVE fabric\u0103 componente \u015fi p\u0103r\u0163i de caroserii auto pe linii de produc\u021bie, de\u021bine utilaje speciale concepute pentru produc\u021bia de fibr\u0103 de sticl\u0103 \u0219i componente compozite pentru industria de automobile:<\/p>\n<ul>\n<li>Termoformare piese \/ componente auto din fibr\u0103 de sticl\u0103 (fiberglass automotive)<\/li>\n<li>Laminare fibra de sticla piese auto ( hand lay up )<\/li>\n<li>Prelucrari CNC piese auto din materiale compozite<\/li>\n<li>Realizare piese din materiale compozite \/ fibr\u0103 de sticl\u0103 \/ fibr\u0103 de carbon<\/li>\n<li>Proiectare piese auto din fibr\u0103 sau materiale compozite<\/li>\n<li>Montaj \/ asamblare piese auto din fibr\u0103 sau materiale compozite<\/li>\n<li>Vopsire pe linie, cabin\u0103 de vopsit piese auto \/ caroserii auto<\/li>\n<\/ul>\n<p>Divizia FIBREX AUTOMOTIVE este specializat\u0103 \u00een produc\u021bia de fibr\u0103 de sticl\u0103 pentru industria automotive prin:<\/p>\n<ul>\n<li>Fabricarea de caroserii, inclusiv cabine pentru autovehicule, fabricarea caroseriei pentru toate tipurile de autovehicule, remorci \u0219i semiremorci<\/li>\n<li>Fabricarea recipientelor pentru utilizarea \u00een unul sau mai multe moduri de transport: remorci \u0219i semiremorci, containere<\/li>\n<li>Proiectare \u0219i fabricare de caroserii pentru vehicule mari \u0219i camioane<\/li>\n<li>Containere speciale concepute pentru unul sau mai multe tipuri de transport<\/li>\n<\/ul>\n<p>FIBREX AUTOMOTIVE este o diviziune par\u021bial\u0103 a FIBREX CO, o companie rom\u00e2neasc\u0103 cu capital privat, \u00eenfiin\u021bat\u0103 \u00een 1997, cu sediul \u00een Crasna, str. Ciucea 752, jude\u021bul S\u0103laj, Rom\u00e2nia. Fiind situat pe o suprafata de peste 30.000 de metri p\u0103tra\u0163i, Fibrex are hale de productie, anexe \u015fi cl\u0103diri de birouri de aproximativ 10.000 de metri p\u0103tra\u0163i, unit\u0103\u0163i de produc\u0163ie echipate cu toate utilit\u0103\u0163ile necesare.<\/p>\n","protected":false},"excerpt":{"rendered":"<p>\u00cen prezent, pia\u021ba automobilelor se bazeaz\u0103 pe strategii de u\u015furare a greut\u0103\u0163ii datorit\u0103 implement\u0103rii unor standarde de emisie din ce \u00een ce mai stricte. F\u0103r\u0103 \u00eendoial\u0103 materialele compozite \/ fibra de sticl\u0103, reprezint\u0103 o solu\u021bie real\u0103 pentru reducerea greut\u0103\u021bii unui vehicul auto. Pentru a satisface aceaste cerin\u021be de viitor, FIBREX AUTOMOTIVE fabric\u0103 componente \u015fi p\u0103r\u0163i [&hellip;]<\/p>\n","protected":false},"author":1,"featured_media":0,"parent":0,"menu_order":0,"comment_status":"closed","ping_status":"closed","template":"","meta":{"footnotes":""},"yoast_head":"<!-- This site is optimized with the Yoast SEO plugin v21.3 - https:\/\/yoast.com\/wordpress\/plugins\/seo\/ -->\n<title>FIBREX AUTOMOTIVE - produc\u021bie fibr\u0103 de sticl\u0103 pentru industria auto<\/title>\n<meta name=\"description\" content=\"Fabrica componente auto din fibr\u0103 de sticl\u0103, cabine \u0219i caroserii auto din fibr\u0103 de sticl\u0103, produc\u021bie pentru industria automotive, proiectare \u0219i fabricare.\" \/>\n<meta name=\"robots\" content=\"index, follow, max-snippet:-1, max-image-preview:large, max-video-preview:-1\" \/>\n<link rel=\"canonical\" href=\"https:\/\/www.fibrexautomotive.com\/ro\/\" \/>\n<meta property=\"og:locale\" content=\"ro_RO\" \/>\n<meta property=\"og:type\" content=\"article\" \/>\n<meta property=\"og:title\" content=\"FIBREX AUTOMOTIVE - produc\u021bie fibr\u0103 de sticl\u0103 pentru industria auto\" \/>\n<meta property=\"og:description\" content=\"Fabrica componente auto din fibr\u0103 de sticl\u0103, cabine \u0219i caroserii auto din fibr\u0103 de sticl\u0103, produc\u021bie pentru industria automotive, proiectare \u0219i fabricare.\" \/>\n<meta property=\"og:url\" content=\"https:\/\/www.fibrexautomotive.com\/ro\/\" \/>\n<meta property=\"og:site_name\" content=\"FIBREX AUTOMOTIVE\" \/>\n<meta property=\"article:modified_time\" content=\"2019-05-30T12:16:42+00:00\" \/>\n<meta name=\"twitter:card\" content=\"summary_large_image\" \/>\n<meta name=\"twitter:label1\" content=\"Timp estimat pentru citire\" \/>\n\t<meta name=\"twitter:data1\" content=\"1 minut\" \/>\n<script type=\"application\/ld+json\" class=\"yoast-schema-graph\">{\"@context\":\"https:\/\/schema.org\",\"@graph\":[{\"@type\":\"WebPage\",\"@id\":\"https:\/\/www.fibrexautomotive.com\/ro\/\",\"url\":\"https:\/\/www.fibrexautomotive.com\/ro\/\",\"name\":\"FIBREX AUTOMOTIVE - produc\u021bie fibr\u0103 de sticl\u0103 pentru industria auto\",\"isPartOf\":{\"@id\":\"https:\/\/www.fibrexautomotive.com\/#website\"},\"datePublished\":\"2017-02-28T17:23:00+00:00\",\"dateModified\":\"2019-05-30T12:16:42+00:00\",\"description\":\"Fabrica componente auto din fibr\u0103 de sticl\u0103, cabine \u0219i caroserii auto din fibr\u0103 de sticl\u0103, produc\u021bie pentru industria automotive, proiectare \u0219i fabricare.\",\"breadcrumb\":{\"@id\":\"https:\/\/www.fibrexautomotive.com\/ro\/#breadcrumb\"},\"inLanguage\":\"ro-RO\",\"potentialAction\":[{\"@type\":\"ReadAction\",\"target\":[\"https:\/\/www.fibrexautomotive.com\/ro\/\"]}]},{\"@type\":\"BreadcrumbList\",\"@id\":\"https:\/\/www.fibrexautomotive.com\/ro\/#breadcrumb\",\"itemListElement\":[{\"@type\":\"ListItem\",\"position\":1,\"name\":\"Home\",\"item\":\"https:\/\/www.fibrexautomotive.com\/ro\/\"},{\"@type\":\"ListItem\",\"position\":2,\"name\":\"FIBREX AUTOMOTIVE &#8211; produc\u021bie fibr\u0103 de sticl\u0103 pentru industria auto\"}]},{\"@type\":\"WebSite\",\"@id\":\"https:\/\/www.fibrexautomotive.com\/#website\",\"url\":\"https:\/\/www.fibrexautomotive.com\/\",\"name\":\"FIBREX AUTOMOTIVE\",\"description\":\"fiberglass production for automotive industry\",\"publisher\":{\"@id\":\"https:\/\/www.fibrexautomotive.com\/#organization\"},\"potentialAction\":[{\"@type\":\"SearchAction\",\"target\":{\"@type\":\"EntryPoint\",\"urlTemplate\":\"https:\/\/www.fibrexautomotive.com\/?s={search_term_string}\"},\"query-input\":\"required name=search_term_string\"}],\"inLanguage\":\"ro-RO\"},{\"@type\":\"Organization\",\"@id\":\"https:\/\/www.fibrexautomotive.com\/#organization\",\"name\":\"FIBREX AUTOMOTIVE\",\"url\":\"https:\/\/www.fibrexautomotive.com\/\",\"logo\":{\"@type\":\"ImageObject\",\"inLanguage\":\"ro-RO\",\"@id\":\"https:\/\/www.fibrexautomotive.com\/#\/schema\/logo\/image\/\",\"url\":\"https:\/\/www.fibrexautomotive.com\/wp-content\/uploads\/fibrexautomotive.png\",\"contentUrl\":\"https:\/\/www.fibrexautomotive.com\/wp-content\/uploads\/fibrexautomotive.png\",\"width\":512,\"height\":512,\"caption\":\"FIBREX AUTOMOTIVE\"},\"image\":{\"@id\":\"https:\/\/www.fibrexautomotive.com\/#\/schema\/logo\/image\/\"}}]}<\/script>\n<!-- \/ Yoast SEO plugin. -->","yoast_head_json":{"title":"FIBREX AUTOMOTIVE - produc\u021bie fibr\u0103 de sticl\u0103 pentru industria auto","description":"Fabrica componente auto din fibr\u0103 de sticl\u0103, cabine \u0219i caroserii auto din fibr\u0103 de sticl\u0103, produc\u021bie pentru industria automotive, proiectare \u0219i fabricare.","robots":{"index":"index","follow":"follow","max-snippet":"max-snippet:-1","max-image-preview":"max-image-preview:large","max-video-preview":"max-video-preview:-1"},"canonical":"https:\/\/www.fibrexautomotive.com\/ro\/","og_locale":"ro_RO","og_type":"article","og_title":"FIBREX AUTOMOTIVE - produc\u021bie fibr\u0103 de sticl\u0103 pentru industria auto","og_description":"Fabrica componente auto din fibr\u0103 de sticl\u0103, cabine \u0219i caroserii auto din fibr\u0103 de sticl\u0103, produc\u021bie pentru industria automotive, proiectare \u0219i fabricare.","og_url":"https:\/\/www.fibrexautomotive.com\/ro\/","og_site_name":"FIBREX AUTOMOTIVE","article_modified_time":"2019-05-30T12:16:42+00:00","twitter_card":"summary_large_image","twitter_misc":{"Timp estimat pentru citire":"1 minut"},"schema":{"@context":"https:\/\/schema.org","@graph":[{"@type":"WebPage","@id":"https:\/\/www.fibrexautomotive.com\/ro\/","url":"https:\/\/www.fibrexautomotive.com\/ro\/","name":"FIBREX AUTOMOTIVE - produc\u021bie fibr\u0103 de sticl\u0103 pentru industria auto","isPartOf":{"@id":"https:\/\/www.fibrexautomotive.com\/#website"},"datePublished":"2017-02-28T17:23:00+00:00","dateModified":"2019-05-30T12:16:42+00:00","description":"Fabrica componente auto din fibr\u0103 de sticl\u0103, cabine \u0219i caroserii auto din fibr\u0103 de sticl\u0103, produc\u021bie pentru industria automotive, proiectare \u0219i fabricare.","breadcrumb":{"@id":"https:\/\/www.fibrexautomotive.com\/ro\/#breadcrumb"},"inLanguage":"ro-RO","potentialAction":[{"@type":"ReadAction","target":["https:\/\/www.fibrexautomotive.com\/ro\/"]}]},{"@type":"BreadcrumbList","@id":"https:\/\/www.fibrexautomotive.com\/ro\/#breadcrumb","itemListElement":[{"@type":"ListItem","position":1,"name":"Home","item":"https:\/\/www.fibrexautomotive.com\/ro\/"},{"@type":"ListItem","position":2,"name":"FIBREX AUTOMOTIVE &#8211; produc\u021bie fibr\u0103 de sticl\u0103 pentru industria auto"}]},{"@type":"WebSite","@id":"https:\/\/www.fibrexautomotive.com\/#website","url":"https:\/\/www.fibrexautomotive.com\/","name":"FIBREX AUTOMOTIVE","description":"fiberglass production for automotive industry","publisher":{"@id":"https:\/\/www.fibrexautomotive.com\/#organization"},"potentialAction":[{"@type":"SearchAction","target":{"@type":"EntryPoint","urlTemplate":"https:\/\/www.fibrexautomotive.com\/?s={search_term_string}"},"query-input":"required name=search_term_string"}],"inLanguage":"ro-RO"},{"@type":"Organization","@id":"https:\/\/www.fibrexautomotive.com\/#organization","name":"FIBREX AUTOMOTIVE","url":"https:\/\/www.fibrexautomotive.com\/","logo":{"@type":"ImageObject","inLanguage":"ro-RO","@id":"https:\/\/www.fibrexautomotive.com\/#\/schema\/logo\/image\/","url":"https:\/\/www.fibrexautomotive.com\/wp-content\/uploads\/fibrexautomotive.png","contentUrl":"https:\/\/www.fibrexautomotive.com\/wp-content\/uploads\/fibrexautomotive.png","width":512,"height":512,"caption":"FIBREX AUTOMOTIVE"},"image":{"@id":"https:\/\/www.fibrexautomotive.com\/#\/schema\/logo\/image\/"}}]}},"_links":{"self":[{"href":"https:\/\/www.fibrexautomotive.com\/ro\/wp-json\/wp\/v2\/pages\/2"}],"collection":[{"href":"https:\/\/www.fibrexautomotive.com\/ro\/wp-json\/wp\/v2\/pages"}],"about":[{"href":"https:\/\/www.fibrexautomotive.com\/ro\/wp-json\/wp\/v2\/types\/page"}],"author":[{"embeddable":true,"href":"https:\/\/www.fibrexautomotive.com\/ro\/wp-json\/wp\/v2\/users\/1"}],"replies":[{"embeddable":true,"href":"https:\/\/www.fibrexautomotive.com\/ro\/wp-json\/wp\/v2\/comments?post=2"}],"version-history":[{"count":12,"href":"https:\/\/www.fibrexautomotive.com\/ro\/wp-json\/wp\/v2\/pages\/2\/revisions"}],"predecessor-version":[{"id":278,"href":"https:\/\/www.fibrexautomotive.com\/ro\/wp-json\/wp\/v2\/pages\/2\/revisions\/278"}],"wp:attachment":[{"href":"https:\/\/www.fibrexautomotive.com\/ro\/wp-json\/wp\/v2\/media?parent=2"}],"curies":[{"name":"wp","href":"https:\/\/api.w.org\/{rel}","templated":true}]}}